{"id":41,"date":"2019-02-12T17:26:38","date_gmt":"2019-02-12T16:26:38","guid":{"rendered":"http:\/\/radiotransnet.fr\/?page_id=41"},"modified":"2022-08-23T11:17:30","modified_gmt":"2022-08-23T09:17:30","slug":"accueil","status":"publish","type":"page","link":"https:\/\/radiotransnet.fr\/","title":{"rendered":"Accueil"},"content":{"rendered":"\n<p>Le projet RADIOTRANSNET est un projet de structuration de la recherche pr\u00e9clinique en radioth\u00e9rapie en France, port\u00e9 par la <a href=\"https:\/\/sfro.fr\/index.php\">SFRO<\/a> (Soci\u00e9t\u00e9 Fran\u00e7aise de Radioth\u00e9rapie Oncologique) et la <a href=\"https:\/\/www.sfpm.fr\/\">SFPM<\/a> (Soci\u00e9t\u00e9 Fran\u00e7aise de Physique M\u00e9dicale) , et en collaboration avec la<a href=\"https:\/\/sfbr.fr\/\"> SFBR<\/a> (Soci\u00e9t\u00e9 Fran\u00e7aise de Biologie des Radiations)<\/p>\n\n\n\n<p>Il a \u00e9t\u00e9 favorablement \u00e9valu\u00e9 par le Comit\u00e9 international d\u2019\u00e9valuation de l\u2019Institut National du Cancer et a \u00e9t\u00e9 officiellement labellis\u00e9 par l\u2019INCa fin 2018 pour une dur\u00e9e initiale de 3 ans, puis renouvel\u00e9 en d\u00e9cembre 2021 pour une dur\u00e9e de 4 ans suppl\u00e9mentaires.<\/p>\n\n\n\n<p>L\u2019ambition du r\u00e9seau RadioTransNet est de favoriser les interactions scientifiques et cliniques \u00e0 l\u2019interface de la radioth\u00e9rapie et de la radiobiologie, dans son positionnement pr\u00e9clinique, afin de d\u00e9gager des priorit\u00e9s de recherche strat\u00e9giques d\u00e9di\u00e9es \u00e0 l\u2019innovation en radioth\u00e9rapie.<\/p>\n\n\n\n<p>Suite \u00e0 la premi\u00e8re phase d&rsquo;activit\u00e9 et la d\u00e9finition des priorit\u00e9s, \u00e0 partir desquelles une feuille de route a \u00e9t\u00e9 r\u00e9dig\u00e9e, l&rsquo;INCa a r\u00e9cemment ouverture r\u00e9cemment un premier appel d&rsquo;offre d\u00e9di\u00e9. N&rsquo;h\u00e9sitez plus, <a href=\"http:\/\/radiotransnet.fr\/index.php\/partenaires\/\">rejoignez notre communaut\u00e9<\/a> !<\/p>\n\n\n\n<p><\/p>\n","protected":false},"excerpt":{"rendered":"<p>Le projet RADIOTRANSNET est un projet de structuration de la recherche pr\u00e9clinique en radioth\u00e9rapie en France, port\u00e9 par la SFRO (Soci\u00e9t\u00e9 Fran\u00e7aise de Radioth\u00e9rapie Oncologique) et la SFPM (Soci\u00e9t\u00e9 Fran\u00e7aise de Physique M\u00e9dicale) , et en collaboration avec la SFBR (Soci\u00e9t\u00e9 Fran\u00e7aise de Biologie des Radiations) Il a \u00e9t\u00e9 favorablement \u00e9valu\u00e9 par le Comit\u00e9 international [&hellip;]<\/p>\n","protected":false},"author":1,"featured_media":0,"parent":0,"menu_order":0,"comment_status":"closed","ping_status":"closed","template":"templates\/with_image.php","meta":{"footnotes":""},"_links":{"self":[{"href":"https:\/\/radiotransnet.fr\/index.php\/wp-json\/wp\/v2\/pages\/41"}],"collection":[{"href":"https:\/\/radiotransnet.fr\/index.php\/wp-json\/wp\/v2\/pages"}],"about":[{"href":"https:\/\/radiotransnet.fr\/index.php\/wp-json\/wp\/v2\/types\/page"}],"author":[{"embeddable":true,"href":"https:\/\/radiotransnet.fr\/index.php\/wp-json\/wp\/v2\/users\/1"}],"replies":[{"embeddable":true,"href":"https:\/\/radiotransnet.fr\/index.php\/wp-json\/wp\/v2\/comments?post=41"}],"version-history":[{"count":30,"href":"https:\/\/radiotransnet.fr\/index.php\/wp-json\/wp\/v2\/pages\/41\/revisions"}],"predecessor-version":[{"id":1931,"href":"https:\/\/radiotransnet.fr\/index.php\/wp-json\/wp\/v2\/pages\/41\/revisions\/1931"}],"wp:attachment":[{"href":"https:\/\/radiotransnet.fr\/index.php\/wp-json\/wp\/v2\/media?parent=41"}],"curies":[{"name":"wp","href":"https:\/\/api.w.org\/{rel}","templated":true}]}}